{"id":7576,"date":"2025-10-28T19:37:00","date_gmt":"2025-10-28T19:37:00","guid":{"rendered":"https:\/\/elips.io\/clients\/aec-site\/?page_id=7576"},"modified":"2025-12-07T23:45:58","modified_gmt":"2025-12-07T23:45:58","slug":"blog","status":"publish","type":"page","link":"https:\/\/www.aec.app\/en\/blog\/","title":{"rendered":"Blog"},"content":{"rendered":"<div data-elementor-type=\"wp-page\" data-elementor-id=\"7576\" class=\"elementor elementor-7576\" data-elementor-settings=\"{&quot;element_pack_global_tooltip_width&quot;:{&quot;unit&quot;:&quot;px&quot;,&quot;size&quot;:&quot;&quot;,&quot;sizes&quot;:[]},&quot;element_pack_global_tooltip_width_tablet&quot;:{&quot;unit&quot;:&quot;px&quot;,&quot;size&quot;:&quot;&quot;,&quot;sizes&quot;:[]},&quot;element_pack_global_tooltip_width_mobile&quot;:{&quot;unit&quot;:&quot;px&quot;,&quot;size&quot;:&quot;&quot;,&quot;sizes&quot;:[]},&quot;element_pack_global_tooltip_padding&quot;:{&quot;unit&quot;:&quot;px&quot;,&quot;top&quot;:&quot;&quot;,&quot;right&quot;:&quot;&quot;,&quot;bottom&quot;:&quot;&quot;,&quot;left&quot;:&quot;&quot;,&quot;isLinked&quot;:true},&quot;element_pack_global_tooltip_padding_tablet&quot;:{&quot;unit&quot;:&quot;px&quot;,&quot;top&quot;:&quot;&quot;,&quot;right&quot;:&quot;&quot;,&quot;bottom&quot;:&quot;&quot;,&quot;left&quot;:&quot;&quot;,&quot;isLinked&quot;:true},&quot;element_pack_global_tooltip_padding_mobile&quot;:{&quot;unit&quot;:&quot;px&quot;,&quot;top&quot;:&quot;&quot;,&quot;right&quot;:&quot;&quot;,&quot;bottom&quot;:&quot;&quot;,&quot;left&quot;:&quot;&quot;,&quot;isLinked&quot;:true},&quot;element_pack_global_tooltip_border_radius&quot;:{&quot;unit&quot;:&quot;px&quot;,&quot;top&quot;:&quot;&quot;,&quot;right&quot;:&quot;&quot;,&quot;bottom&quot;:&quot;&quot;,&quot;left&quot;:&quot;&quot;,&quot;isLinked&quot;:true},&quot;element_pack_global_tooltip_border_radius_tablet&quot;:{&quot;unit&quot;:&quot;px&quot;,&quot;top&quot;:&quot;&quot;,&quot;right&quot;:&quot;&quot;,&quot;bottom&quot;:&quot;&quot;,&quot;left&quot;:&quot;&quot;,&quot;isLinked&quot;:true},&quot;element_pack_global_tooltip_border_radius_mobile&quot;:{&quot;unit&quot;:&quot;px&quot;,&quot;top&quot;:&quot;&quot;,&quot;right&quot;:&quot;&quot;,&quot;bottom&quot;:&quot;&quot;,&quot;left&quot;:&quot;&quot;,&quot;isLinked&quot;:true}}\" data-elementor-post-type=\"page\">\n\t\t\t\t\t\t<div class=\"elementor-section elementor-top-section elementor-element elementor-element-98aa25c elementor-section-boxed elementor-section-height-default elementor-section-height-default\" data-id=\"98aa25c\" data-element_type=\"section\" data-settings=\"{&quot;background_background&quot;:&quot;slideshow&quot;,&quot;background_slideshow_gallery&quot;:[{&quot;id&quot;:2514,&quot;url&quot;:&quot;https:\\\/\\\/www.aec.app\\\/wp-content\\\/uploads\\\/2025\\\/09\\\/main-gradient-3.png&quot;}],&quot;background_slideshow_loop&quot;:&quot;yes&quot;,&quot;background_slideshow_slide_duration&quot;:5000,&quot;background_slideshow_slide_transition&quot;:&quot;fade&quot;,&quot;background_slideshow_transition_duration&quot;:500}\">\n\t\t\t\t\t\t<div class=\"elementor-container elementor-column-gap-no\">\n\t\t\t\t\t<div class=\"elementor-column elementor-col-100 elementor-top-column elementor-element elementor-element-bb3ba81\" data-id=\"bb3ba81\" data-element_type=\"column\">\n\t\t\t<div class=\"elementor-widget-wrap elementor-element-populated\">\n\t\t\t\t<div class=\"elementor-element elementor-element-ed6c339 e-con-full e-flex e-con e-child\" data-id=\"ed6c339\" data-element_type=\"container\">\n\t\t\t\t<div class=\"elementor-element elementor-element-49aff03 elementor-widget__width-initial ui-e-a-animate elementor-widget elementor-widget-highlighted-text\" data-id=\"49aff03\" data-element_type=\"widget\" data-settings=\"{&quot;_animation&quot;:&quot;none&quot;,&quot;_animation_delay&quot;:&quot;160&quot;}\" data-widget_type=\"highlighted-text.default\">\n\t\t\t\t\t        <h2 class=\"ui-e--highlighted-text\">\n            <span class=\"ui-e-headline-text elementor-repeater-item-36904bf ui-e-headline-color\">\n\t\t\t\t\t\t\t\t\t<span class=\"whitespace\"><\/span>\n                                    <span>\n                                        <span class=\"ui-e-headline-text ui-e-headline-highlighted\">Blog and news<\/span><span class=\"uicore-svg-wrapper\"><svg xmlns=\"http:\/\/www.w3.org\/2000\/svg\" viewbox=\"0 0 500 150\" preserveaspectratio=\"none\"><\/svg><\/span><\/span> <span class=\"whitespace\"> <\/span><\/span>        <\/h2>\n    \t\t\t\t<\/div>\n\t\t\t\t<div class=\"elementor-element elementor-element-fb2db4b elementor-widget elementor-widget-text-editor\" data-id=\"fb2db4b\" data-element_type=\"widget\" data-settings=\"{&quot;_animation&quot;:&quot;none&quot;}\" data-widget_type=\"text-editor.default\">\n\t\t\t\t\t\t\t\t\t<p><span style=\"white-space-collapse: preserve;\">Recent events, news and announcements about de <span style=\"font-weight: bold;\">AEC Academia. <\/span><\/span><\/p>\t\t\t\t\t\t\t\t<\/div>\n\t\t<div class=\"elementor-element elementor-element-d64533a e-con-full e-flex e-con e-child\" data-id=\"d64533a\" data-element_type=\"container\">\n\t\t\t\t<div class=\"elementor-element elementor-element-9451bd6 ui-e-apg-split ui-e-img-anim-zoom elementor-widget elementor-widget-uicore-advanced-post-grid woocommerce elementor-widget-uicore-advanced-post-grid\" data-id=\"9451bd6\" data-element_type=\"widget\" data-settings=\"{&quot;_animation&quot;:&quot;none&quot;}\" data-widget_type=\"uicore-advanced-post-grid.default\">\n\t\t\t\t\t            <div class=\"ui-e-adv-grid\">\n                \n                <div class=\"ui-e-post-item ui-e-item ui-e-animations-wrp\">\n                    <article class=\"post-8990 post type-post status-publish format-standard has-post-thumbnail hentry category-blog\">\n                        <div class=\"ui-e-post-top\">\n                                    <a class=\"ui-e-post-img-wrapp\"\n            href=\"https:\/\/www.aec.app\/en\/did-you-know-that-all-of-your-students-are-waiting-and-hoping-to-enroll-online\/\"\n            title=\"View Post:\u00bfSab\u00eda usted? Todos sus estudiantes est\u00e1n esperando (y so\u00f1ando) poder inscribirse en l\u00ednea\u2026\">\n\n                            <div class=\"ui-e-post-img\" style=\"background-image:url(https:\/\/www.aec.app\/wp-content\/uploads\/2025\/11\/tuto-h.jpg)\"><\/div>\n                    <\/a>\n                                                        <\/div>\n\n                        \n                        <div class=\"ui-e-post-content\">\n\n                            <div class=\"ui-e-post-meta ui-e-before_title\"><div class=\"ui-e-meta-item\"><a href=\"https:\/\/www.aec.app\/en\/category\/blog\/\" title=\"View Blog posts\">Blog<\/a><\/div><\/div>                                    <a href=\"https:\/\/www.aec.app\/en\/did-you-know-that-all-of-your-students-are-waiting-and-hoping-to-enroll-online\/\" title=\"View Post:\u00bfSab\u00eda usted? Todos sus estudiantes est\u00e1n esperando (y so\u00f1ando) poder inscribirse en l\u00ednea\u2026\">\n            <h2 class=\"ui-e-post-title\">\n                <span> Did you know? All your students are waiting (and dreaming) to be able to enroll online? <\/span>\n            <\/h2>\n        <\/a>\n                                                            <div class=\"ui-e-post-text\">How to reduce queues during registration and optimize the collection of information from applicants? There are several options: hiring a [...]<\/div>                                                                <a href=\"https:\/\/www.aec.app\/en\/did-you-know-that-all-of-your-students-are-waiting-and-hoping-to-enroll-online\/\" class=\"elementor-button-link elementor-button ui-e-readmore\" role=\"button\">\n            <span class=\"elementor-button-content-wrapper elementor-button-content\"><span class=\"elementor-button-icon elementor-align-icon-row-reverse\"><svg aria-hidden=\"true\" class=\"e-font-icon-svg e-fas-chevron-right\" viewbox=\"0 0 320 512\" xmlns=\"http:\/\/www.w3.org\/2000\/svg\"><path d=\"M285.476 272.971L91.132 467.314c-9.373 9.373-24.569 9.373-33.941 0l-22.667-22.667c-9.357-9.357-9.375-24.522-.04-33.901L188.505 256 34.484 101.255c-9.335-9.379-9.317-24.544.04-33.901l22.667-22.667c9.373-9.373 24.569-9.373 33.941 0L285.475 239.03c9.373 9.372 9.373 24.568.001 33.941z\"><\/path><\/svg><\/span><span class=\"elementor-button-text\">More information<\/span> <\/span>        <\/a>\n                                <\/div>\n                    <\/article>\n                <\/div>\n\n                \n                <div class=\"ui-e-post-item ui-e-item ui-e-animations-wrp\">\n                    <article class=\"post-7685 post type-post status-publish format-standard has-post-thumbnail hentry category-noticias\">\n                        <div class=\"ui-e-post-top\">\n                                    <a class=\"ui-e-post-img-wrapp\"\n            href=\"https:\/\/www.aec.app\/en\/aec-compatible-online-payment-providers\/\"\n            title=\"View Post:Proveedores de pago en l\u00ednea compatibles con AEC\">\n\n                            <div class=\"ui-e-post-img\" style=\"background-image:url(https:\/\/www.aec.app\/wp-content\/uploads\/2025\/10\/Com-pago-en-linea____-06-06-768x429.webp)\"><\/div>\n                    <\/a>\n                                                        <\/div>\n\n                        \n                        <div class=\"ui-e-post-content\">\n\n                            <div class=\"ui-e-post-meta ui-e-before_title\"><div class=\"ui-e-meta-item\"><a href=\"https:\/\/www.aec.app\/en\/category\/news\/\" title=\"View News of Interest posts\">News of Interest<\/a><\/div><\/div>                                    <a href=\"https:\/\/www.aec.app\/en\/aec-compatible-online-payment-providers\/\" title=\"View Post:Proveedores de pago en l\u00ednea compatibles con AEC\">\n            <h2 class=\"ui-e-post-title\">\n                <span> AEC-compliant online payment providers <\/span>\n            <\/h2>\n        <\/a>\n                                                            <div class=\"ui-e-post-text\">These are the payment providers we have available to be connected to the AEC and Kiosk modules for payments in [...]<\/div>                                                                <a href=\"https:\/\/www.aec.app\/en\/aec-compatible-online-payment-providers\/\" class=\"elementor-button-link elementor-button ui-e-readmore\" role=\"button\">\n            <span class=\"elementor-button-content-wrapper elementor-button-content\"><span class=\"elementor-button-icon elementor-align-icon-row-reverse\"><svg aria-hidden=\"true\" class=\"e-font-icon-svg e-fas-chevron-right\" viewbox=\"0 0 320 512\" xmlns=\"http:\/\/www.w3.org\/2000\/svg\"><path d=\"M285.476 272.971L91.132 467.314c-9.373 9.373-24.569 9.373-33.941 0l-22.667-22.667c-9.357-9.357-9.375-24.522-.04-33.901L188.505 256 34.484 101.255c-9.335-9.379-9.317-24.544.04-33.901l22.667-22.667c9.373-9.373 24.569-9.373 33.941 0L285.475 239.03c9.373 9.372 9.373 24.568.001 33.941z\"><\/path><\/svg><\/span><span class=\"elementor-button-text\">More information<\/span> <\/span>        <\/a>\n                                <\/div>\n                    <\/article>\n                <\/div>\n\n                            <\/div>\n\t\t\t\t<\/div>\n\t\t\t\t<\/div>\n\t\t\t\t<\/div>\n\t\t\t\t\t<\/div>\n\t\t<\/div>\n\t\t\t\t\t<\/div>\n\t\t<\/div>\n\t\t\t\t<\/div>","protected":false},"excerpt":{"rendered":"<p>Blog y noticias Eventos recientes, noticias y anuncios destacados sobre de AEC Academia. Noticias de Inter\u00e9s Proveedores de pago en l\u00ednea compatibles [&hellip;]<\/p>","protected":false},"author":1,"featured_media":0,"parent":0,"menu_order":0,"comment_status":"closed","ping_status":"closed","template":"","meta":{"footnotes":""},"class_list":["post-7576","page","type-page","status-publish","hentry"],"_links":{"self":[{"href":"https:\/\/www.aec.app\/en\/wp-json\/wp\/v2\/pages\/7576","targetHints":{"allow":["GET"]}}],"collection":[{"href":"https:\/\/www.aec.app\/en\/wp-json\/wp\/v2\/pages"}],"about":[{"href":"https:\/\/www.aec.app\/en\/wp-json\/wp\/v2\/types\/page"}],"author":[{"embeddable":true,"href":"https:\/\/www.aec.app\/en\/wp-json\/wp\/v2\/users\/1"}],"replies":[{"embeddable":true,"href":"https:\/\/www.aec.app\/en\/wp-json\/wp\/v2\/comments?post=7576"}],"version-history":[{"count":3,"href":"https:\/\/www.aec.app\/en\/wp-json\/wp\/v2\/pages\/7576\/revisions"}],"predecessor-version":[{"id":9984,"href":"https:\/\/www.aec.app\/en\/wp-json\/wp\/v2\/pages\/7576\/revisions\/9984"}],"wp:attachment":[{"href":"https:\/\/www.aec.app\/en\/wp-json\/wp\/v2\/media?parent=7576"}],"curies":[{"name":"wp","href":"https:\/\/api.w.org\/{rel}","templated":true}]}}