{"id":5832,"date":"2025-10-07T08:28:28","date_gmt":"2025-10-07T08:28:28","guid":{"rendered":"https:\/\/elips.io\/clients\/aec-site\/?page_id=5832"},"modified":"2025-11-18T06:45:05","modified_gmt":"2025-11-18T06:45:05","slug":"politique-de-confidentialite","status":"publish","type":"page","link":"https:\/\/www.aec.app\/fr\/politique-de-confidentialite\/","title":{"rendered":"Politique de confidentialit\u00e9"},"content":{"rendered":"<div data-elementor-type=\"wp-page\" data-elementor-id=\"5832\" class=\"elementor elementor-5832\" data-elementor-settings=\"{&quot;element_pack_global_tooltip_width&quot;:{&quot;unit&quot;:&quot;px&quot;,&quot;size&quot;:&quot;&quot;,&quot;sizes&quot;:[]},&quot;element_pack_global_tooltip_width_tablet&quot;:{&quot;unit&quot;:&quot;px&quot;,&quot;size&quot;:&quot;&quot;,&quot;sizes&quot;:[]},&quot;element_pack_global_tooltip_width_mobile&quot;:{&quot;unit&quot;:&quot;px&quot;,&quot;size&quot;:&quot;&quot;,&quot;sizes&quot;:[]},&quot;element_pack_global_tooltip_padding&quot;:{&quot;unit&quot;:&quot;px&quot;,&quot;top&quot;:&quot;&quot;,&quot;right&quot;:&quot;&quot;,&quot;bottom&quot;:&quot;&quot;,&quot;left&quot;:&quot;&quot;,&quot;isLinked&quot;:true},&quot;element_pack_global_tooltip_padding_tablet&quot;:{&quot;unit&quot;:&quot;px&quot;,&quot;top&quot;:&quot;&quot;,&quot;right&quot;:&quot;&quot;,&quot;bottom&quot;:&quot;&quot;,&quot;left&quot;:&quot;&quot;,&quot;isLinked&quot;:true},&quot;element_pack_global_tooltip_padding_mobile&quot;:{&quot;unit&quot;:&quot;px&quot;,&quot;top&quot;:&quot;&quot;,&quot;right&quot;:&quot;&quot;,&quot;bottom&quot;:&quot;&quot;,&quot;left&quot;:&quot;&quot;,&quot;isLinked&quot;:true},&quot;element_pack_global_tooltip_border_radius&quot;:{&quot;unit&quot;:&quot;px&quot;,&quot;top&quot;:&quot;&quot;,&quot;right&quot;:&quot;&quot;,&quot;bottom&quot;:&quot;&quot;,&quot;left&quot;:&quot;&quot;,&quot;isLinked&quot;:true},&quot;element_pack_global_tooltip_border_radius_tablet&quot;:{&quot;unit&quot;:&quot;px&quot;,&quot;top&quot;:&quot;&quot;,&quot;right&quot;:&quot;&quot;,&quot;bottom&quot;:&quot;&quot;,&quot;left&quot;:&quot;&quot;,&quot;isLinked&quot;:true},&quot;element_pack_global_tooltip_border_radius_mobile&quot;:{&quot;unit&quot;:&quot;px&quot;,&quot;top&quot;:&quot;&quot;,&quot;right&quot;:&quot;&quot;,&quot;bottom&quot;:&quot;&quot;,&quot;left&quot;:&quot;&quot;,&quot;isLinked&quot;:true}}\" data-elementor-post-type=\"page\">\n\t\t\t\t<div class=\"elementor-element elementor-element-811039b e-grid e-con-full e-con e-child\" data-id=\"811039b\" data-element_type=\"container\" data-settings=\"{&quot;background_background&quot;:&quot;slideshow&quot;,&quot;background_slideshow_gallery&quot;:[{&quot;id&quot;:3434,&quot;url&quot;:&quot;https:\\\/\\\/www.aec.app\\\/wp-content\\\/uploads\\\/2025\\\/10\\\/main-gradient-sec.jpg&quot;}],&quot;background_slideshow_loop&quot;:&quot;yes&quot;,&quot;background_slideshow_slide_duration&quot;:5000,&quot;background_slideshow_slide_transition&quot;:&quot;fade&quot;,&quot;background_slideshow_transition_duration&quot;:500}\">\n\t\t\t\t<div class=\"elementor-element elementor-element-02e3465 elementor-widget__width-inherit ui-e-a-animate elementor-invisible elementor-widget elementor-widget-highlighted-text\" data-id=\"02e3465\" data-element_type=\"widget\" data-settings=\"{&quot;_animation&quot;:&quot;fadeInUp&quot;,&quot;_animation_delay&quot;:&quot;160&quot;}\" data-widget_type=\"highlighted-text.default\">\n\t\t\t\t\t        <h2 class=\"ui-e--highlighted-text\">\n            <span class=\"ui-e-headline-text elementor-repeater-item-36904bf ui-e-headline-color\">\n\t\t\t\t\t\t\t\t\t<span class=\"whitespace\"><\/span>\n                                    <span>\n                                        <span class=\"ui-e-headline-text ui-e-headline-highlighted\">Politique de confidentialit\u00e9 <\/span><span class=\"uicore-svg-wrapper\"><svg xmlns=\"http:\/\/www.w3.org\/2000\/svg\" viewbox=\"0 0 500 150\" preserveaspectratio=\"none\"><\/svg><\/span><\/span> <span class=\"whitespace\"> <\/span><\/span>        <\/h2>\n    \t\t\t\t<\/div>\n\t\t\t\t<\/div>\n\t\t<div class=\"elementor-element elementor-element-5754163 e-flex e-con-boxed e-con e-parent\" data-id=\"5754163\" data-element_type=\"container\">\n\t\t\t\t\t<div class=\"e-con-inner\">\n\t\t\t\t<div class=\"elementor-element elementor-element-58ec138 elementor-widget elementor-widget-text-editor\" data-id=\"58ec138\" data-element_type=\"widget\" data-widget_type=\"text-editor.default\">\n\t\t\t\t\t\t\t\t\t<p id=\"titre\"><br \/>Politique de confidentialit\u00e9<\/p><div id=\"content\"><div class=\"wp-block-uagb-advanced-heading uagb-block-18c345e5\"><h3><b>Politique de confidentialit\u00e9 et GDPR - ATL SOFTWARE<\/b><\/h3><\/div><div class=\"wp-block-uagb-advanced-heading uagb-block-a76bc7dd\"><h3 class=\"uagb-heading-text\"><b>ATL SOFTWARE Politique en mati\u00e8re de cookies<\/b><\/h3><div><strong style=\"font-size: inherit; text-align: var(--text-align); font-family: var(--uicore-typography--p-f,'Inter'); font-style: var(--uicore-typography--p-st,'normal'); letter-spacing: var(--uicore-typography--p-ls,'-0.027em'); text-transform: var(--uicore-typography--p-t,'none');\">QU'EST-CE QU'UN COOKIE ?<\/strong><\/div><\/div><p>Un \u00abcookie\u00bb est un fichier de taille limit\u00e9e, g\u00e9n\u00e9ralement compos\u00e9 de lettres et de chiffres, envoy\u00e9 par le serveur web au fichier cookie du navigateur sur le disque dur de votre ordinateur.<\/p><p>Pour en savoir plus sur les cookies, suivez ce lien de la CNIL. Vous y d\u00e9couvrirez notamment comment configurer et bloquer les cookies si vous le souhaitez via votre navigateur.<\/p><p><strong>LES DIFF\u00c9RENTS TYPES DE COOKIES<\/strong><\/p><p>Ces cookies sont susceptibles d'\u00eatre modifi\u00e9s. Nous nous effor\u00e7ons de mettre \u00e0 jour r\u00e9guli\u00e8rement la liste des cookies identifi\u00e9s sur notre site.<\/p><p><strong>LES COOKIES N\u00c9CESSAIRES<\/strong><\/p><p>Ces cookies permettent au site de fonctionner de mani\u00e8re optimale. Vous pouvez les refuser et les supprimer en utilisant les param\u00e8tres de votre navigateur, mais votre exp\u00e9rience d'utilisateur peut \u00eatre d\u00e9grad\u00e9e.<\/p><figure class=\"wp-block-table is-style-stripes\"><table><tbody><tr><td><strong>Nom du cookie<\/strong><\/td><td><strong>Objectif<\/strong><\/td><td><strong>P\u00e9riode de conservation<\/strong><\/td><\/tr><tr><td>qtrans_front_language<\/td><td>Ce cookie est d\u00e9fini par le plugin WordPress qTranslate. Le cookie est utilis\u00e9 pour g\u00e9rer la langue pr\u00e9f\u00e9r\u00e9e du visiteur.<\/td><td>1 an<\/td><\/tr><tr><td>PHPSESSID<\/td><td>Ce cookie stocke et identifie l'identifiant de session unique d'un utilisateur dans le but de g\u00e9rer les sessions des utilisateurs sur le site web. Il s'agit d'un cookie de session qui sera supprim\u00e9 lorsque toutes les fen\u00eatres du navigateur seront ferm\u00e9es.<\/td><td>Session<\/td><\/tr><tr><td>__cf_bm<\/td><td>Ce cookie, d\u00e9fini par Cloudflare, est utilis\u00e9 pour prendre en charge Cloudflare Bot Management.<\/td><td>1 heure<\/td><\/tr><\/tbody><\/table><\/figure><p><strong>COOKIES STATISTIQUES<\/strong><\/p><p>Afin de mieux s'adapter aux besoins des visiteurs de notre site web, nous mesurons le nombre de visites, le nombre de pages vues, ainsi que l'activit\u00e9 des visiteurs sur le site et leur fr\u00e9quence de retour.<\/p><figure class=\"wp-block-table is-style-stripes\"><table><tbody><tr><td><strong>Nom du cookie<\/strong><\/td><td><strong>Objectif<\/strong><\/td><td><strong>P\u00e9riode de conservation<\/strong><\/td><\/tr><tr><td>_ga<\/td><td>Google Analytics utilise ce cookie pour calculer les donn\u00e9es relatives aux visiteurs, aux sessions et aux campagnes et pour suivre l'utilisation du site dans le cadre du rapport d'analyse du site. Le cookie stocke les informations de mani\u00e8re anonyme et attribue un num\u00e9ro g\u00e9n\u00e9r\u00e9 de mani\u00e8re al\u00e9atoire pour reconna\u00eetre les visiteurs uniques.<\/td><td>1 an 1 mois 4 jours<\/td><\/tr><tr><td>La loi sur l'immigration et la protection des r\u00e9fugi\u00e9s (LIPR)<\/td><td>Google Analytics utilise ce cookie pour stocker et compter les pages vues.<\/td><td>1 an 1 mois 4 jours<\/td><\/tr><tr><td>_fbp<\/td><td>Facebook utilise ce cookie pour afficher des publicit\u00e9s sur Facebook ou sur une plateforme num\u00e9rique avec la publicit\u00e9 Facebook apr\u00e8s votre visite sur le site web.<\/td><td>3 mois<\/td><\/tr><tr><td>_fw_crm_v<\/td><td>FreshChat utilise ce cookie pour suivre l'identit\u00e9 des visiteurs et les sessions de chat.<\/td><td>1 an<\/td><\/tr><tr><td>premi\u00e8re_session<\/td><td>Identifie s'il s'agit de la premi\u00e8re session d'un utilisateur sur le site \u00e0 des fins d'analyse.<\/td><td>1 mois 1 jour<\/td><\/tr><\/tbody><\/table><\/figure><p><strong>COOKIES DE S\u00c9CURIT\u00c9<\/strong><\/p><p>Ces cookies sont utilis\u00e9s pour assurer la s\u00e9curit\u00e9 du site web et de ses utilisateurs en identifiant et en att\u00e9nuant les menaces potentielles.<\/p><figure class=\"wp-block-table is-style-stripes\"><table><tbody><tr><td><strong>Nom du cookie<\/strong><\/td><td><strong>Objectif<\/strong><\/td><td><strong>P\u00e9riode de conservation<\/strong><\/td><\/tr><tr><td>_cfuvid<\/td><td>Identifie les clients individuels pour appliquer des param\u00e8tres de s\u00e9curit\u00e9 sp\u00e9cifiques.<\/td><td>Session<\/td><\/tr><tr><td>cf_clearance<\/td><td>Valide l'utilisateur apr\u00e8s avoir relev\u00e9 les d\u00e9fis de s\u00e9curit\u00e9 de Cloudflare.<\/td><td>30 minutes<\/td><\/tr><\/tbody><\/table><\/figure><div class=\"wp-block-spacer\" aria-hidden=\"true\">\u00a0<\/div><div class=\"wp-block-uagb-advanced-heading uagb-block-64f0ff88\"><h3 class=\"uagb-heading-text\"><strong>Politique de protection des donn\u00e9es personnelles d'ATL SOFTWARE<\/strong><\/h3><\/div><p><strong>Qui est responsable du traitement de mes donn\u00e9es personnelles ?<\/strong><\/p><p>Les donn\u00e9es personnelles collect\u00e9es sur le site atl-software.net sont trait\u00e9es par :<\/p><p>ATL Software<br \/>B\u00e2timent Chahin, suite 301-305<br \/>Av. R\u00f3mulo Betancourt #1318 - Bella Vista<br \/>Santo Domingo, R\u00e9publique dominicaine<\/p><p>Le contr\u00f4leur est ci-apr\u00e8s d\u00e9nomm\u00e9 \u00abATL SOFTWARE\u00bb.<\/p><p><strong>Pourquoi ATL SOFTWARE recueille-t-elle mes donn\u00e9es personnelles ?<\/strong><\/p><p>Les donn\u00e9es collect\u00e9es par le biais du site web (formulaire de contact pour prendre rendez-vous, inscription \u00e0 la newsletter, contact avec les m\u00e9dias sociaux, cr\u00e9ation d'un compte) ne seront utilis\u00e9es \u00e0 des fins de marketing qu'avec l'accord explicite du propri\u00e9taire de ces informations.<\/p><p>En ce qui concerne le formulaire de contact, en le remplissant, vous acceptez que les donn\u00e9es que vous avez fournies soient conserv\u00e9es et utilis\u00e9es par ATL SOFTWARE dans le cadre de notre collaboration. Vos donn\u00e9es seront conserv\u00e9es jusqu'\u00e0 trois ans apr\u00e8s la fin de notre collaboration, sans aucun contact commercial entre ATL SOFTWARE et vous. Elles ne seront pas partag\u00e9es avec des tiers sans votre consentement explicite. Vous pouvez \u00e0 tout moment demander la suppression ou la modification de vos donn\u00e9es en \u00e9crivant \u00e0 rgpd@atl-software.net.<\/p><p><strong>Quelles sont les donn\u00e9es personnelles collect\u00e9es \u00e0 mon sujet et comment sont-elles collect\u00e9es ?<\/strong><\/p><ol><li>Formulaire de contact\/d\u00e9mo<p>Nous utilisons un formulaire de contact sur notre site web.<\/p><p>Dans ce formulaire, vous devez indiquer vos nom, pr\u00e9nom, adresse e-mail, num\u00e9ro de t\u00e9l\u00e9phone, entreprise, pays et la possibilit\u00e9 de prendre rendez-vous pour d\u00e9couvrir notre solution, ainsi que le contenu du message.<\/p><p>Ce formulaire permet de prendre rendez-vous pour une d\u00e9monstration de notre solution et de discuter de vos besoins lors de cette rencontre.<\/p><\/li><li>Cookies<p>Nous utilisons des cookies sur notre site web \u00e0 des fins statistiques et d'analyse des performances. Nous voulons conna\u00eetre le nombre de visiteurs, le type de visiteurs, le temps pass\u00e9 sur le site web, le nombre de pages vues et la performance des pages individuelles. L'objectif de ces cookies est de nous aider \u00e0 vous offrir la meilleure exp\u00e9rience possible sur notre site web (voir la politique d'ATL SOFTWARE en mati\u00e8re de cookies).<\/p><p>Ces donn\u00e9es sont utilis\u00e9es \u00e0 des fins de marketing et de vente pour les demandes de contact.<\/p><\/li><li>Supprimer ou bloquer les cookies<p>Vous pouvez modifier vos param\u00e8tres de cookies \u00e0 tout moment dans les param\u00e8tres de votre navigateur.<\/p><\/li><\/ol><p><strong>Sur quelle base juridique et pendant combien de temps mes donn\u00e9es personnelles sont-elles trait\u00e9es ?<\/strong><\/p><p>Parmi les bases juridiques applicables, le traitement des donn\u00e9es personnelles par ATL SOFTWARE est fond\u00e9 sur les \u00e9l\u00e9ments suivants :<\/p><p>Contrat : le traitement des donn\u00e9es \u00e0 caract\u00e8re personnel est n\u00e9cessaire \u00e0 l'ex\u00e9cution du contrat pour lequel vous avez donn\u00e9 votre consentement.<\/p><p>Consentement : vous acceptez le traitement de vos donn\u00e9es \u00e0 caract\u00e8re personnel en donnant votre consentement expr\u00e8s (par exemple, en cochant la case au bas du formulaire de contact, en acceptant les cookies par le biais de la banni\u00e8re de cookies). Vous pouvez retirer ce consentement \u00e0 tout moment.<\/p><p>Int\u00e9r\u00eat l\u00e9gitime : ATL SOFTWARE a un int\u00e9r\u00eat commercial dans le traitement de vos donn\u00e9es qui est justifi\u00e9, \u00e9quilibr\u00e9 et ne viole pas votre vie priv\u00e9e. Vous pouvez vous opposer au traitement fond\u00e9 sur l'int\u00e9r\u00eat l\u00e9gitime \u00e0 tout moment en le notifiant \u00e0 rgpd@atl-software.net.<\/p><p>Les donn\u00e9es collect\u00e9es avec le consentement explicite de la personne concern\u00e9e seront supprim\u00e9es apr\u00e8s 24 mois si aucun contact commercial n'a \u00e9t\u00e9 \u00e9tabli avec la personne concern\u00e9e.<\/p><p><strong>Qui recevra mes donn\u00e9es ?<\/strong><\/p><p>Seul ATL SOFTWARE re\u00e7oit vos donn\u00e9es. Aucune donn\u00e9e n'est transf\u00e9r\u00e9e \u00e0 des tiers.<\/p><p><strong>Comment puis-je faire valoir mes droits concernant l'utilisation de mes donn\u00e9es personnelles ?<\/strong><\/p><p>Conform\u00e9ment au R\u00e8glement g\u00e9n\u00e9ral sur la protection des donn\u00e9es (RGPD), vous pouvez exercer vos droits (acc\u00e8s, rectification, suppression, opposition, limitation et portabilit\u00e9 le cas \u00e9ch\u00e9ant) par courriel : rgpd@atl-software.net ou par courrier : Edificio Chahin, suite 301-305, Av. R\u00f3mulo Betancourt #1318 - Bella Vista, Santo Domingo, R\u00e9publique dominicaine.<\/p><p>Le consentement \u00e0 l'utilisation des donn\u00e9es personnelles doit \u00eatre explicite, faute de quoi ATL SOFTWARE s'engage \u00e0 ne pas utiliser ces donn\u00e9es.<\/p><p>Toute personne a le droit de demander au responsable du traitement l'acc\u00e8s aux donn\u00e9es \u00e0 caract\u00e8re personnel, leur rectification ou leur effacement, ou la limitation du traitement relatif \u00e0 la personne concern\u00e9e, ou le droit de s'opposer au traitement et le droit \u00e0 la portabilit\u00e9 des donn\u00e9es et de retirer son consentement.<\/p><p>En ce qui concerne le formulaire de contact, en utilisant ce formulaire, vous acceptez que ATL SOFTWARE vous contacte \u00e0 des fins commerciales.<\/p><h3>ATL SOFTWARE s'engage \u00e0 r\u00e9pondre \u00e0 votre demande d'acc\u00e8s, de rectification ou d'opposition ou \u00e0 toute demande compl\u00e9mentaire d'informations dans un d\u00e9lai n'exc\u00e9dant pas 1 mois \u00e0 compter de la date de r\u00e9ception de votre demande.<\/h3><p>Si vous estimez que ATL SOFTWARE ne r\u00e9pond pas \u00e0 vos besoins, veuillez nous contacter.<br \/><br \/><br \/><br \/><\/p><\/div>\t\t\t\t\t\t\t\t<\/div>\n\t\t\t\t\t<\/div>\n\t\t\t\t<\/div>\n\t\t\t\t<\/div>","protected":false},"excerpt":{"rendered":"<p>Pol\u00edtica de confidencialidad Pol\u00edtica de confidencialidad Pol\u00edtica de privacidad y RGPD \u2013 ATL SOFTWARE Pol\u00edtica de cookies de ATL SOFTWARE QU\u00c9 ES [&hellip;]<\/p>","protected":false},"author":1,"featured_media":0,"parent":0,"menu_order":0,"comment_status":"closed","ping_status":"closed","template":"","meta":{"footnotes":""},"class_list":["post-5832","page","type-page","status-publish","hentry"],"_links":{"self":[{"href":"https:\/\/www.aec.app\/fr\/wp-json\/wp\/v2\/pages\/5832","targetHints":{"allow":["GET"]}}],"collection":[{"href":"https:\/\/www.aec.app\/fr\/wp-json\/wp\/v2\/pages"}],"about":[{"href":"https:\/\/www.aec.app\/fr\/wp-json\/wp\/v2\/types\/page"}],"author":[{"embeddable":true,"href":"https:\/\/www.aec.app\/fr\/wp-json\/wp\/v2\/users\/1"}],"replies":[{"embeddable":true,"href":"https:\/\/www.aec.app\/fr\/wp-json\/wp\/v2\/comments?post=5832"}],"version-history":[{"count":0,"href":"https:\/\/www.aec.app\/fr\/wp-json\/wp\/v2\/pages\/5832\/revisions"}],"wp:attachment":[{"href":"https:\/\/www.aec.app\/fr\/wp-json\/wp\/v2\/media?parent=5832"}],"curies":[{"name":"wp","href":"https:\/\/api.w.org\/{rel}","templated":true}]}}