{"id":9220,"date":"2025-11-23T21:00:20","date_gmt":"2025-11-23T21:00:20","guid":{"rendered":"https:\/\/elips.io\/clients\/aec-site\/?page_id=9220"},"modified":"2025-11-23T21:17:35","modified_gmt":"2025-11-23T21:17:35","slug":"mentions-legales","status":"publish","type":"page","link":"https:\/\/www.aec.app\/fr\/mentions-legales\/","title":{"rendered":"Mentions l\u00e9gales"},"content":{"rendered":"<div data-elementor-type=\"wp-page\" data-elementor-id=\"9220\" class=\"elementor elementor-9220\" data-elementor-settings=\"{&quot;element_pack_global_tooltip_width&quot;:{&quot;unit&quot;:&quot;px&quot;,&quot;size&quot;:&quot;&quot;,&quot;sizes&quot;:[]},&quot;element_pack_global_tooltip_width_tablet&quot;:{&quot;unit&quot;:&quot;px&quot;,&quot;size&quot;:&quot;&quot;,&quot;sizes&quot;:[]},&quot;element_pack_global_tooltip_width_mobile&quot;:{&quot;unit&quot;:&quot;px&quot;,&quot;size&quot;:&quot;&quot;,&quot;sizes&quot;:[]},&quot;element_pack_global_tooltip_padding&quot;:{&quot;unit&quot;:&quot;px&quot;,&quot;top&quot;:&quot;&quot;,&quot;right&quot;:&quot;&quot;,&quot;bottom&quot;:&quot;&quot;,&quot;left&quot;:&quot;&quot;,&quot;isLinked&quot;:true},&quot;element_pack_global_tooltip_padding_tablet&quot;:{&quot;unit&quot;:&quot;px&quot;,&quot;top&quot;:&quot;&quot;,&quot;right&quot;:&quot;&quot;,&quot;bottom&quot;:&quot;&quot;,&quot;left&quot;:&quot;&quot;,&quot;isLinked&quot;:true},&quot;element_pack_global_tooltip_padding_mobile&quot;:{&quot;unit&quot;:&quot;px&quot;,&quot;top&quot;:&quot;&quot;,&quot;right&quot;:&quot;&quot;,&quot;bottom&quot;:&quot;&quot;,&quot;left&quot;:&quot;&quot;,&quot;isLinked&quot;:true},&quot;element_pack_global_tooltip_border_radius&quot;:{&quot;unit&quot;:&quot;px&quot;,&quot;top&quot;:&quot;&quot;,&quot;right&quot;:&quot;&quot;,&quot;bottom&quot;:&quot;&quot;,&quot;left&quot;:&quot;&quot;,&quot;isLinked&quot;:true},&quot;element_pack_global_tooltip_border_radius_tablet&quot;:{&quot;unit&quot;:&quot;px&quot;,&quot;top&quot;:&quot;&quot;,&quot;right&quot;:&quot;&quot;,&quot;bottom&quot;:&quot;&quot;,&quot;left&quot;:&quot;&quot;,&quot;isLinked&quot;:true},&quot;element_pack_global_tooltip_border_radius_mobile&quot;:{&quot;unit&quot;:&quot;px&quot;,&quot;top&quot;:&quot;&quot;,&quot;right&quot;:&quot;&quot;,&quot;bottom&quot;:&quot;&quot;,&quot;left&quot;:&quot;&quot;,&quot;isLinked&quot;:true}}\" data-elementor-post-type=\"page\">\n\t\t\t\t<div class=\"elementor-element elementor-element-1aee618 e-grid e-con-full e-con e-child\" data-id=\"1aee618\" data-element_type=\"container\" data-settings=\"{&quot;background_background&quot;:&quot;slideshow&quot;,&quot;background_slideshow_gallery&quot;:[{&quot;id&quot;:3434,&quot;url&quot;:&quot;https:\\\/\\\/www.aec.app\\\/wp-content\\\/uploads\\\/2025\\\/10\\\/main-gradient-sec.jpg&quot;}],&quot;background_slideshow_loop&quot;:&quot;yes&quot;,&quot;background_slideshow_slide_duration&quot;:5000,&quot;background_slideshow_slide_transition&quot;:&quot;fade&quot;,&quot;background_slideshow_transition_duration&quot;:500}\">\n\t\t\t\t<div class=\"elementor-element elementor-element-bb3c230 elementor-widget__width-inherit ui-e-a-animate elementor-invisible elementor-widget elementor-widget-highlighted-text\" data-id=\"bb3c230\" data-element_type=\"widget\" data-settings=\"{&quot;_animation&quot;:&quot;fadeInUp&quot;,&quot;_animation_delay&quot;:&quot;160&quot;}\" data-widget_type=\"highlighted-text.default\">\n\t\t\t\t\t        <h2 class=\"ui-e--highlighted-text\">\n            <span class=\"ui-e-headline-text elementor-repeater-item-36904bf ui-e-headline-color\">\n\t\t\t\t\t\t\t\t\t<span class=\"whitespace\"><\/span>\n                                    <span>\n                                        <span class=\"ui-e-headline-text ui-e-headline-highlighted\">Mentions l\u00e9gales<\/span><span class=\"uicore-svg-wrapper\"><svg xmlns=\"http:\/\/www.w3.org\/2000\/svg\" viewbox=\"0 0 500 150\" preserveaspectratio=\"none\"><\/svg><\/span><\/span> <span class=\"whitespace\"> <\/span><\/span>        <\/h2>\n    \t\t\t\t<\/div>\n\t\t\t\t<\/div>\n\t\t<div class=\"elementor-element elementor-element-6c64bd6 e-flex e-con-boxed e-con e-parent\" data-id=\"6c64bd6\" data-element_type=\"container\">\n\t\t\t\t\t<div class=\"e-con-inner\">\n\t\t\t\t<div class=\"elementor-element elementor-element-6083def elementor-widget elementor-widget-text-editor\" data-id=\"6083def\" data-element_type=\"widget\" data-widget_type=\"text-editor.default\">\n\t\t\t\t\t\t\t\t\t<p id=\"titre\">\u00a0<\/p><p><strong>Politique de consentement<\/strong><\/p><p>En remplissant ce formulaire de g\u00e9n\u00e9ration de leads, vous donnez votre accord explicite pour que ATL Software utilise les informations fournies aux fins suivantes :<\/p><p>Envoi d'informations pertinentes : j'accepte de recevoir des communications par e-mail, t\u00e9l\u00e9phone ou autres moyens, avec du contenu promotionnel, des mises \u00e0 jour de produits ou de services, et d'autres informations pertinentes li\u00e9es aux services offerts par ATL Software.<\/p><p>Communication marketing : J'accepte qu'ATL Software me contacte \u00e0 des fins marketing, y compris, mais sans s'y limiter, pour des promotions sp\u00e9ciales, des offres exclusives, des enqu\u00eates de satisfaction et des \u00e9v\u00e9nements li\u00e9s aux services d'ATL Software.<\/p><p>Suivi et analyse des ventes : j'accepte qu'ATL Software utilise les informations fournies pour effectuer un suivi des ventes, une analyse du march\u00e9 et une analyse des tendances afin d'am\u00e9liorer ses produits et services et sa strat\u00e9gie de marketing.<\/p><p>Partage d'informations avec des partenaires : J'accepte qu'ATL Software partage mes coordonn\u00e9es avec des partenaires soigneusement s\u00e9lectionn\u00e9s dans le seul but de me fournir des informations sur des produits ou des services en rapport avec mes centres d'int\u00e9r\u00eat li\u00e9s aux services d'ATL Software.<\/p><p>En cochant la case appropri\u00e9e \u00e0 c\u00f4t\u00e9 de chacun des objectifs ci-dessus, vous confirmez votre consentement explicite \u00e0 l'utilisation par ATL Software de vos informations personnelles comme d\u00e9crit ci-dessus.<\/p><p>Veuillez noter que vous pouvez retirer votre consentement \u00e0 tout moment en envoyant un courriel \u00e0 l'adresse suivante\u00a0<a href=\"mailto:sales@atl-software.net\" target=\"_blank\" rel=\"nofollow noopener\">sales@atl-software.net<\/a><\/p><p>\u00a0<\/p>\t\t\t\t\t\t\t\t<\/div>\n\t\t\t\t\t<\/div>\n\t\t\t\t<\/div>\n\t\t\t\t<\/div>","protected":false},"excerpt":{"rendered":"<p>Menciones legales \u00a0 Pol\u00edtica de Consentimiento Al completar este formulario de generaci\u00f3n de leads, usted est\u00e1 otorgando su consentimiento expreso para que [&hellip;]<\/p>","protected":false},"author":1,"featured_media":0,"parent":0,"menu_order":0,"comment_status":"closed","ping_status":"closed","template":"","meta":{"footnotes":""},"class_list":["post-9220","page","type-page","status-publish","hentry"],"_links":{"self":[{"href":"https:\/\/www.aec.app\/fr\/wp-json\/wp\/v2\/pages\/9220","targetHints":{"allow":["GET"]}}],"collection":[{"href":"https:\/\/www.aec.app\/fr\/wp-json\/wp\/v2\/pages"}],"about":[{"href":"https:\/\/www.aec.app\/fr\/wp-json\/wp\/v2\/types\/page"}],"author":[{"embeddable":true,"href":"https:\/\/www.aec.app\/fr\/wp-json\/wp\/v2\/users\/1"}],"replies":[{"embeddable":true,"href":"https:\/\/www.aec.app\/fr\/wp-json\/wp\/v2\/comments?post=9220"}],"version-history":[{"count":0,"href":"https:\/\/www.aec.app\/fr\/wp-json\/wp\/v2\/pages\/9220\/revisions"}],"wp:attachment":[{"href":"https:\/\/www.aec.app\/fr\/wp-json\/wp\/v2\/media?parent=9220"}],"curies":[{"name":"wp","href":"https:\/\/api.w.org\/{rel}","templated":true}]}}