{"id":9240,"date":"2025-11-24T11:22:55","date_gmt":"2025-11-24T11:22:55","guid":{"rendered":"https:\/\/elips.io\/clients\/aec-site\/?page_id=9240"},"modified":"2025-11-25T18:23:41","modified_gmt":"2025-11-25T18:23:41","slug":"donnees-personnelles","status":"publish","type":"page","link":"https:\/\/www.aec.app\/fr\/donnees-personnelles\/","title":{"rendered":"Donn\u00e9es personnelles"},"content":{"rendered":"<div data-elementor-type=\"wp-page\" data-elementor-id=\"9240\" class=\"elementor elementor-9240\" data-elementor-settings=\"{&quot;element_pack_global_tooltip_width&quot;:{&quot;unit&quot;:&quot;px&quot;,&quot;size&quot;:&quot;&quot;,&quot;sizes&quot;:[]},&quot;element_pack_global_tooltip_width_tablet&quot;:{&quot;unit&quot;:&quot;px&quot;,&quot;size&quot;:&quot;&quot;,&quot;sizes&quot;:[]},&quot;element_pack_global_tooltip_width_mobile&quot;:{&quot;unit&quot;:&quot;px&quot;,&quot;size&quot;:&quot;&quot;,&quot;sizes&quot;:[]},&quot;element_pack_global_tooltip_padding&quot;:{&quot;unit&quot;:&quot;px&quot;,&quot;top&quot;:&quot;&quot;,&quot;right&quot;:&quot;&quot;,&quot;bottom&quot;:&quot;&quot;,&quot;left&quot;:&quot;&quot;,&quot;isLinked&quot;:true},&quot;element_pack_global_tooltip_padding_tablet&quot;:{&quot;unit&quot;:&quot;px&quot;,&quot;top&quot;:&quot;&quot;,&quot;right&quot;:&quot;&quot;,&quot;bottom&quot;:&quot;&quot;,&quot;left&quot;:&quot;&quot;,&quot;isLinked&quot;:true},&quot;element_pack_global_tooltip_padding_mobile&quot;:{&quot;unit&quot;:&quot;px&quot;,&quot;top&quot;:&quot;&quot;,&quot;right&quot;:&quot;&quot;,&quot;bottom&quot;:&quot;&quot;,&quot;left&quot;:&quot;&quot;,&quot;isLinked&quot;:true},&quot;element_pack_global_tooltip_border_radius&quot;:{&quot;unit&quot;:&quot;px&quot;,&quot;top&quot;:&quot;&quot;,&quot;right&quot;:&quot;&quot;,&quot;bottom&quot;:&quot;&quot;,&quot;left&quot;:&quot;&quot;,&quot;isLinked&quot;:true},&quot;element_pack_global_tooltip_border_radius_tablet&quot;:{&quot;unit&quot;:&quot;px&quot;,&quot;top&quot;:&quot;&quot;,&quot;right&quot;:&quot;&quot;,&quot;bottom&quot;:&quot;&quot;,&quot;left&quot;:&quot;&quot;,&quot;isLinked&quot;:true},&quot;element_pack_global_tooltip_border_radius_mobile&quot;:{&quot;unit&quot;:&quot;px&quot;,&quot;top&quot;:&quot;&quot;,&quot;right&quot;:&quot;&quot;,&quot;bottom&quot;:&quot;&quot;,&quot;left&quot;:&quot;&quot;,&quot;isLinked&quot;:true}}\" data-elementor-post-type=\"page\">\n\t\t\t\t\t\t<section class=\"elementor-section elementor-top-section elementor-element elementor-element-bed8962 elementor-section-boxed elementor-section-height-default elementor-section-height-default\" data-id=\"bed8962\" data-element_type=\"section\">\n\t\t\t\t\t\t<div class=\"elementor-container elementor-column-gap-default\">\n\t\t\t\t\t<div class=\"elementor-column elementor-col-50 elementor-top-column elementor-element elementor-element-e78101b\" data-id=\"e78101b\" data-element_type=\"column\" data-settings=\"{&quot;background_background&quot;:&quot;classic&quot;}\">\n\t\t\t<div class=\"elementor-widget-wrap elementor-element-populated\">\n\t\t\t\t\t\t<div class=\"elementor-element elementor-element-4ed97a8 elementor-widget elementor-widget-spacer\" data-id=\"4ed97a8\" data-element_type=\"widget\" data-widget_type=\"spacer.default\">\n\t\t\t\t\t\t\t<div class=\"elementor-spacer\">\n\t\t\t<div class=\"elementor-spacer-inner\"><\/div>\n\t\t<\/div>\n\t\t\t\t\t\t<\/div>\n\t\t\t\t<div class=\"elementor-element elementor-element-8a39c38 elementor-widget__width-initial elementor-widget elementor-widget-heading\" data-id=\"8a39c38\" data-element_type=\"widget\" data-widget_type=\"heading.default\">\n\t\t\t\t\t<h2 class=\"elementor-heading-title elementor-size-default\">Vos donn\u00e9es personnelles<\/h2>\t\t\t\t<\/div>\n\t\t\t\t<div class=\"elementor-element elementor-element-7a8840e elementor-widget elementor-widget-image\" data-id=\"7a8840e\" data-element_type=\"widget\" data-widget_type=\"image.default\">\n\t\t\t\t\t\t\t\t\t\t\t\t\t\t\t<img fetchpriority=\"high\" decoding=\"async\" width=\"1000\" height=\"666\" src=\"https:\/\/www.aec.app\/wp-content\/uploads\/2025\/11\/cyber1-1024x682.jpg\" class=\"attachment-large size-large wp-image-9278\" alt=\"\" srcset=\"https:\/\/www.aec.app\/wp-content\/uploads\/2025\/11\/cyber1-1024x682.jpg 1024w, https:\/\/www.aec.app\/wp-content\/uploads\/2025\/11\/cyber1-300x200.jpg 300w, https:\/\/www.aec.app\/wp-content\/uploads\/2025\/11\/cyber1-768x512.jpg 768w, https:\/\/www.aec.app\/wp-content\/uploads\/2025\/11\/cyber1-650x433.jpg 650w, https:\/\/www.aec.app\/wp-content\/uploads\/2025\/11\/cyber1.jpg 1202w\" sizes=\"(max-width: 1000px) 100vw, 1000px\" \/>\t\t\t\t\t\t\t\t\t\t\t\t\t\t\t<\/div>\n\t\t\t\t<div class=\"elementor-element elementor-element-2ece62c elementor-widget__width-initial animated-fast elementor-widget-tablet__width-initial elementor-widget-mobile__width-inherit elementor-invisible elementor-widget elementor-widget-text-editor\" data-id=\"2ece62c\" data-element_type=\"widget\" data-settings=\"{&quot;_animation&quot;:&quot;fadeInDown&quot;}\" data-widget_type=\"text-editor.default\">\n\t\t\t\t\t\t\t\t\t<p><strong>AEC Academia<\/strong> prend soin de vos donn\u00e9es personnelles.<\/p><p>Dans le cadre de la mise en \u0153uvre du r\u00e8glement europ\u00e9en sur la protection des donn\u00e9es (GDPR), nous souhaitons obtenir votre consentement pour interagir de mani\u00e8re optimale avec vous. Dites-nous ce que vous souhaitez recevoir de notre part.<br \/>NB : \u00e0 tout moment, vous pouvez revenir \u00e0 ce formulaire et mettre \u00e0 jour vos donn\u00e9es.<\/p><p>Cochez les types d'articles que vous souhaitez recevoir de notre part et soumettez votre formulaire d\u00fbment rempli :<\/p>\t\t\t\t\t\t\t\t<\/div>\n\t\t\t\t<div class=\"elementor-element elementor-element-254ed36 elementor-invisible elementor-widget elementor-widget-image\" data-id=\"254ed36\" data-element_type=\"widget\" data-settings=\"{&quot;_animation&quot;:&quot;fadeIn&quot;}\" data-widget_type=\"image.default\">\n\t\t\t\t\t\t\t\t\t\t\t\t\t\t\t<img decoding=\"async\" width=\"246\" height=\"123\" src=\"https:\/\/www.aec.app\/wp-content\/uploads\/2025\/10\/icon-g.png\" class=\"attachment-full size-full wp-image-5435\" alt=\"\" \/>\t\t\t\t\t\t\t\t\t\t\t\t\t\t\t<\/div>\n\t\t\t\t\t<\/div>\n\t\t<\/div>\n\t\t\t\t<div class=\"elementor-column elementor-col-50 elementor-top-column elementor-element elementor-element-081761d\" data-id=\"081761d\" data-element_type=\"column\" data-settings=\"{&quot;background_background&quot;:&quot;classic&quot;,&quot;animation&quot;:&quot;none&quot;}\">\n\t\t\t<div class=\"elementor-widget-wrap elementor-element-populated\">\n\t\t\t\t<div class=\"elementor-element elementor-element-9e23733 e-con-full e-flex e-con e-child\" data-id=\"9e23733\" data-element_type=\"container\" data-settings=\"{&quot;background_background&quot;:&quot;classic&quot;,&quot;animation_delay&quot;:&quot;1300&quot;,&quot;animation&quot;:&quot;none&quot;}\">\n\t\t\t\t<div class=\"elementor-element elementor-element-6c68966 ui-e-submit-align--left elementor-invisible elementor-widget elementor-widget-uicore-contact-form\" data-id=\"6c68966\" data-element_type=\"widget\" data-settings=\"{&quot;_animation_delay&quot;:&quot;1400&quot;,&quot;_animation&quot;:&quot;fadeInUp&quot;}\" data-widget_type=\"uicore-contact-form.default\">\n\t\t\t\t\t\n        <form class=\"ui-e-form\" method=\"post\" name=\"Formulario de contacto\" action=\"\">\n\n            <input type=\"hidden\" name=\"post_id\" value=\"9240\" \/>\n            <input type=\"hidden\" name=\"widget_type\" value=\"contact-form\">\n\n            <input type=\"hidden\" name=\"required_fields_message\" value=\"Llene todos los campos obligatorios.\">\n\n            <div class=\"ui-e-fields-wrp\">\n\n                \n                    <div class=\"ui-e-field-type-checkbox ui-e-field-group elementor-column ui-e-field-group-field_f2hj1ur elementor-col-100\">\n                        <div class=\"ui-e-field-subgroup\"><span class=\"ui-e-field-option\"><input type=\"checkbox\" value=\"Noticias\" id=\"form-field-field_f2hj1ur-0\" name=\"form_fields[field_f2hj1ur][]\"> <label for=\"form-field-field_f2hj1ur-0\">Actualit\u00e9s<\/label><\/span><span class=\"ui-e-field-option\"><input type=\"checkbox\" value=\"Eventos e informaciones comerciales\" id=\"form-field-field_f2hj1ur-1\" name=\"form_fields[field_f2hj1ur][]\"> <label for=\"form-field-field_f2hj1ur-1\">\u00c9v\u00e9nements et informations commerciales<\/label><\/span><span class=\"ui-e-field-option\"><input type=\"checkbox\" value=\"Documentos, funcionalidades y comunicaciones sobre nuestros productos\" id=\"form-field-field_f2hj1ur-2\" name=\"form_fields[field_f2hj1ur][]\"> <label for=\"form-field-field_f2hj1ur-2\">Documents, fonctionnalit\u00e9s et communications sur nos produits<\/label><\/span><span class=\"ui-e-field-option\"><input type=\"checkbox\" value=\"Tutoriales, consejos y preguntas frecuentes\" id=\"form-field-field_f2hj1ur-3\" name=\"form_fields[field_f2hj1ur][]\"> <label for=\"form-field-field_f2hj1ur-3\">Tutoriels, conseils et FAQ<\/label><\/span><\/div>                    <\/div>\n\n                \n                    <div class=\"ui-e-field-type-text ui-e-field-group elementor-column ui-e-field-group-Nombre elementor-col-50 elementor-md-100\">\n                                                    <label for=\"form-field-Nombre\" class=\"ui-e-label elementor-screen-only\">\n                                Nom                            <\/label>\n                                                            <input size=\"1\" type=\"text\" name=\"form_fields[Nombre]\" id=\"form-field-Nombre\" class=\"ui-e-field  ui-e-field-textual\" placeholder=\"Quel est votre nom ?\" required=\"required\" aria-required=\"true\">\n                                            <\/div>\n\n                \n                    <div class=\"ui-e-field-type-text ui-e-field-group elementor-column ui-e-field-group-Apellido elementor-col-50 elementor-md-100\">\n                                                    <label for=\"form-field-Apellido\" class=\"ui-e-label elementor-screen-only\">\n                                Nom de famille                            <\/label>\n                                                            <input size=\"1\" type=\"text\" name=\"form_fields[Apellido]\" id=\"form-field-Apellido\" class=\"ui-e-field  ui-e-field-textual\" placeholder=\"Quel est votre nom de famille ?\" required=\"required\" aria-required=\"true\">\n                                            <\/div>\n\n                \n                    <div class=\"ui-e-field-type-email ui-e-field-group elementor-column ui-e-field-group-Correo elementor-col-100\">\n                                                    <label for=\"form-field-Correo\" class=\"ui-e-label elementor-screen-only\">\n                                Adresse \u00e9lectronique                            <\/label>\n                                                            <input size=\"1\" type=\"email\" name=\"form_fields[Correo]\" id=\"form-field-Correo\" class=\"ui-e-field  ui-e-field-textual\" placeholder=\"Quelle est votre adresse \u00e9lectronique ?\" required=\"required\" aria-required=\"true\">\n                                            <\/div>\n\n                \n                    <div class=\"ui-e-field-type-text ui-e-field-group elementor-column ui-e-field-group-Empresa elementor-col-100\">\n                                                    <label for=\"form-field-Empresa\" class=\"ui-e-label elementor-screen-only\">\n                                Entreprise                            <\/label>\n                                                            <input size=\"1\" type=\"text\" name=\"form_fields[Empresa]\" id=\"form-field-Empresa\" class=\"ui-e-field  ui-e-field-textual\" placeholder=\"Quelle est votre institution ?\" required=\"required\" aria-required=\"true\">\n                                            <\/div>\n\n                \n                    <div class=\"ui-e-field-type-select ui-e-field-group elementor-column ui-e-field-group-Asunto elementor-col-100\">\n                                                    <label for=\"form-field-Asunto\" class=\"ui-e-label elementor-screen-only\">\n                                Quelle est sa fonction ?                            <\/label>\n                                    <div class=\"ui-e-field ui-e-field-select ui-e-field-subgroup\">\n            <select name=\"form_fields[Asunto]\" id=\"form-field-Asunto\" class=\"ui-e-field-textual\" required=\"required\" aria-required=\"true\">\n                                    <option value=\"\u00bfCu\u00e1l es su funci\u00f3n?\">Quelle est sa fonction ?<\/option>\n                                    <option value=\"Directeur\">Directeur<\/option>\n                                    <option value=\"Administratif\">Administratif<\/option>\n                                    <option value=\"Enseignant\">Enseignant<\/option>\n                            <\/select>\n        <\/div>\n                        <\/div>\n\n                \n                    <div class=\"ui-e-field-type-select ui-e-field-group elementor-column ui-e-field-group-field_24f5ab4 elementor-col-100\">\n                                                    <label for=\"form-field-field_24f5ab4\" class=\"ui-e-label elementor-screen-only\">\n                                Langue pr\u00e9f\u00e9r\u00e9e ?                            <\/label>\n                                    <div class=\"ui-e-field ui-e-field-select ui-e-field-subgroup\">\n            <select name=\"form_fields[field_24f5ab4]\" id=\"form-field-field_24f5ab4\" class=\"ui-e-field-textual\" required=\"required\" aria-required=\"true\">\n                                    <option value=\"\u00bfIdioma de preferencia?...\">Langue pr\u00e9f\u00e9r\u00e9e : .....<\/option>\n                                    <option value=\"Fran\u00e7ais\">Fran\u00e7ais<\/option>\n                                    <option value=\"English\">English<\/option>\n                                    <option value=\"Espa\u00f1ol\">Espa\u00f1ol<\/option>\n                            <\/select>\n        <\/div>\n                        <\/div>\n\n                \n                <div class=\"ui-e-field-group elementor-column ui-e-field-type-submit elementor-col-60 e-form__buttons\">\n                    <button type=\"submit\" class=\"elementor-button\">\n                        <span >\n                                                            <span class=\"ui-e-icon ui-e-align-right\">\n                                    <i aria-hidden=\"true\" class=\"ri ri-send-plane-fill\"><\/i>                                                                    <\/span>\n                                                                                        <span class=\"ui-e-text\">Envoyer un message<\/span>\n                                                    <\/span>\n                    <\/button>\n                <\/div>\n\n            <\/div>\n\n            <div class=\"ui-e-message\">\n                            <\/div>\n        <input type=\"hidden\" name=\"trp-form-language\" value=\"fr\"\/><\/form>\n                <script>\n            window.ui_e_form_validation_messages = {\"required_fields\":\"Llene todos los campos obligatorios.\"};\n        <\/script>\n\t\t\t\t<\/div>\n\t\t\t\t<\/div>\n\t\t\t\t\t<\/div>\n\t\t<\/div>\n\t\t\t\t\t<\/div>\n\t\t<\/section>\n\t\t\t\t<\/div>","protected":false},"excerpt":{"rendered":"<p>Sus datos personales AEC Academia cuida sus datos personales. Como parte de la implementaci\u00f3n del Reglamento Europeo de Protecci\u00f3n de Datos (RGPD), [&hellip;]<\/p>","protected":false},"author":1,"featured_media":0,"parent":0,"menu_order":0,"comment_status":"closed","ping_status":"closed","template":"","meta":{"footnotes":""},"class_list":["post-9240","page","type-page","status-publish","hentry"],"_links":{"self":[{"href":"https:\/\/www.aec.app\/fr\/wp-json\/wp\/v2\/pages\/9240","targetHints":{"allow":["GET"]}}],"collection":[{"href":"https:\/\/www.aec.app\/fr\/wp-json\/wp\/v2\/pages"}],"about":[{"href":"https:\/\/www.aec.app\/fr\/wp-json\/wp\/v2\/types\/page"}],"author":[{"embeddable":true,"href":"https:\/\/www.aec.app\/fr\/wp-json\/wp\/v2\/users\/1"}],"replies":[{"embeddable":true,"href":"https:\/\/www.aec.app\/fr\/wp-json\/wp\/v2\/comments?post=9240"}],"version-history":[{"count":0,"href":"https:\/\/www.aec.app\/fr\/wp-json\/wp\/v2\/pages\/9240\/revisions"}],"wp:attachment":[{"href":"https:\/\/www.aec.app\/fr\/wp-json\/wp\/v2\/media?parent=9240"}],"curies":[{"name":"wp","href":"https:\/\/api.w.org\/{rel}","templated":true}]}}